{"id":305,"date":"2025-10-17T20:51:15","date_gmt":"2025-10-17T18:51:15","guid":{"rendered":"https:\/\/biketouren-blog.de\/?page_id=305"},"modified":"2025-10-17T22:27:55","modified_gmt":"2025-10-17T20:27:55","slug":"fahrradtour-um-rothenburg-o-d-t","status":"publish","type":"page","link":"https:\/\/biketouren-blog.de\/?page_id=305","title":{"rendered":"Fahrradtour um Rothenburg o.d.T."},"content":{"rendered":"\n<p>Wir treffen uns am Freitag mit Freunden auf dem Wohnmobilstellplatz in Rothenburg ob der Tauber.<br>Da unsere Freunde von Rothenburg o.d.T bisher nur den mittelalterlichen Kern kannten, habe ich f\u00fcr Samstag eine kleine Tour um das sch\u00f6ne alte St\u00e4dtchen geplant.<br>Am Samstag starten wir gegen 11 Uhr am Stellplatz P2. Wir \u00fcberqueren die N\u00f6rdlinger Stra\u00dfe und tauchen sogleich in die Natur ein: Es geht bergab bis zur Doppelbr\u00fccke, die uns \u00fcber die Tauber f\u00fchrt.<\/p>\n\n\n<div class=\"wp-block-image\">\n<figure class=\"aligncenter size-large is-resized\"><img loading=\"lazy\" decoding=\"async\" width=\"1024\" height=\"574\" src=\"https:\/\/biketouren-blog.de\/wp-content\/uploads\/2025\/10\/MTB-35-2-1024x574.jpg\" alt=\"\" class=\"wp-image-315\" style=\"width:516px;height:auto\" srcset=\"https:\/\/biketouren-blog.de\/wp-content\/uploads\/2025\/10\/MTB-35-2-1024x574.jpg 1024w, https:\/\/biketouren-blog.de\/wp-content\/uploads\/2025\/10\/MTB-35-2-300x168.jpg 300w, https:\/\/biketouren-blog.de\/wp-content\/uploads\/2025\/10\/MTB-35-2-768x431.jpg 768w, https:\/\/biketouren-blog.de\/wp-content\/uploads\/2025\/10\/MTB-35-2.jpg 1200w\" sizes=\"auto, (max-width: 1024px) 100vw, 1024px\" \/><\/figure>\n<\/div>\n\n\n<p class=\"has-text-align-center\">Von dort folgen wir dem Taubertalweg bis zum idyllischen Topplerschl\u00f6\u00dfchen.<\/p>\n\n\n<div class=\"wp-block-image\">\n<figure class=\"aligncenter size-large is-resized\"><img loading=\"lazy\" decoding=\"async\" width=\"1024\" height=\"576\" src=\"https:\/\/biketouren-blog.de\/wp-content\/uploads\/2025\/10\/MTB-13-1-1024x576.jpg\" alt=\"\" class=\"wp-image-316\" style=\"width:516px;height:auto\" srcset=\"https:\/\/biketouren-blog.de\/wp-content\/uploads\/2025\/10\/MTB-13-1-1024x576.jpg 1024w, https:\/\/biketouren-blog.de\/wp-content\/uploads\/2025\/10\/MTB-13-1-300x169.jpg 300w, https:\/\/biketouren-blog.de\/wp-content\/uploads\/2025\/10\/MTB-13-1-768x432.jpg 768w, https:\/\/biketouren-blog.de\/wp-content\/uploads\/2025\/10\/MTB-13-1.jpg 1200w\" sizes=\"auto, (max-width: 1024px) 100vw, 1024px\" \/><\/figure>\n<\/div>\n\n\n<p><br>Da F\u00fchrungen dort erst am Nachmittag beginnen, begn\u00fcgen wir uns mit einem Blick auf das niedliche Schl\u00f6sschen von au\u00dfen, bevor unsere Fahrt weitergeht. Wir bleiben stets entlang der Tauber und biegen an der Greglinger Stra\u00dfe auf die Holzbr\u00fccke ab, um ins malerische Steinbachtal zu gelangen.<\/p>\n\n\n\n<p>Unterwegs legen wir immer wieder kurze Pausen ein, um die reizvolle Umgebung zu genie\u00dfen <\/p>\n\n\n\n<figure class=\"wp-block-gallery has-nested-images columns-default is-cropped wp-block-gallery-1 is-layout-flex wp-block-gallery-is-layout-flex\">\n<figure class=\"wp-block-image size-large\"><img loading=\"lazy\" decoding=\"async\" width=\"1024\" height=\"576\" data-id=\"320\" src=\"https:\/\/biketouren-blog.de\/wp-content\/uploads\/2025\/10\/MTB-2-1024x576.jpg\" alt=\"\" class=\"wp-image-320\" srcset=\"https:\/\/biketouren-blog.de\/wp-content\/uploads\/2025\/10\/MTB-2-1024x576.jpg 1024w, https:\/\/biketouren-blog.de\/wp-content\/uploads\/2025\/10\/MTB-2-300x169.jpg 300w, https:\/\/biketouren-blog.de\/wp-content\/uploads\/2025\/10\/MTB-2-768x432.jpg 768w, https:\/\/biketouren-blog.de\/wp-content\/uploads\/2025\/10\/MTB-2.jpg 1200w\" sizes=\"auto, (max-width: 1024px) 100vw, 1024px\" \/><\/figure>\n\n\n\n<figure class=\"wp-block-image size-large\"><img loading=\"lazy\" decoding=\"async\" width=\"1024\" height=\"574\" data-id=\"321\" src=\"https:\/\/biketouren-blog.de\/wp-content\/uploads\/2025\/10\/MTB-13-2-1024x574.jpg\" alt=\"\" class=\"wp-image-321\" srcset=\"https:\/\/biketouren-blog.de\/wp-content\/uploads\/2025\/10\/MTB-13-2-1024x574.jpg 1024w, https:\/\/biketouren-blog.de\/wp-content\/uploads\/2025\/10\/MTB-13-2-300x168.jpg 300w, https:\/\/biketouren-blog.de\/wp-content\/uploads\/2025\/10\/MTB-13-2-768x431.jpg 768w, https:\/\/biketouren-blog.de\/wp-content\/uploads\/2025\/10\/MTB-13-2.jpg 1200w\" sizes=\"auto, (max-width: 1024px) 100vw, 1024px\" \/><\/figure>\n\n\n\n<figure class=\"wp-block-image size-large\"><img loading=\"lazy\" decoding=\"async\" width=\"1024\" height=\"576\" data-id=\"322\" src=\"https:\/\/biketouren-blog.de\/wp-content\/uploads\/2025\/10\/MTB-16-1024x576.jpg\" alt=\"\" class=\"wp-image-322\" srcset=\"https:\/\/biketouren-blog.de\/wp-content\/uploads\/2025\/10\/MTB-16-1024x576.jpg 1024w, https:\/\/biketouren-blog.de\/wp-content\/uploads\/2025\/10\/MTB-16-300x169.jpg 300w, https:\/\/biketouren-blog.de\/wp-content\/uploads\/2025\/10\/MTB-16-768x432.jpg 768w, https:\/\/biketouren-blog.de\/wp-content\/uploads\/2025\/10\/MTB-16.jpg 1200w\" sizes=\"auto, (max-width: 1024px) 100vw, 1024px\" \/><\/figure>\n<\/figure>\n\n\n\n<p><\/p>\n\n\n\n<p class=\"has-text-align-center\">oder interessante Sehensw\u00fcrdigkeiten zu bestaunen \u2013 sei es eine alte Steinbr\u00fccke<\/p>\n\n\n<div class=\"wp-block-image\">\n<figure class=\"aligncenter size-large is-resized\"><img loading=\"lazy\" decoding=\"async\" width=\"1024\" height=\"576\" src=\"https:\/\/biketouren-blog.de\/wp-content\/uploads\/2025\/10\/MTB-25-1024x576.jpg\" alt=\"\" class=\"wp-image-317\" style=\"width:541px;height:auto\" srcset=\"https:\/\/biketouren-blog.de\/wp-content\/uploads\/2025\/10\/MTB-25-1024x576.jpg 1024w, https:\/\/biketouren-blog.de\/wp-content\/uploads\/2025\/10\/MTB-25-300x169.jpg 300w, https:\/\/biketouren-blog.de\/wp-content\/uploads\/2025\/10\/MTB-25-768x432.jpg 768w, https:\/\/biketouren-blog.de\/wp-content\/uploads\/2025\/10\/MTB-25.jpg 1200w\" sizes=\"auto, (max-width: 1024px) 100vw, 1024px\" \/><\/figure>\n<\/div>\n\n\n<p class=\"has-text-align-center\"> oder ein historisches Haus mit gro\u00dfem Wasserrad.<\/p>\n\n\n<div class=\"wp-block-image\">\n<figure class=\"aligncenter size-large is-resized\"><img loading=\"lazy\" decoding=\"async\" width=\"1024\" height=\"396\" src=\"https:\/\/biketouren-blog.de\/wp-content\/uploads\/2025\/10\/MTB-10-2-1024x396.jpg\" alt=\"\" class=\"wp-image-319\" style=\"width:823px;height:auto\" srcset=\"https:\/\/biketouren-blog.de\/wp-content\/uploads\/2025\/10\/MTB-10-2-1024x396.jpg 1024w, https:\/\/biketouren-blog.de\/wp-content\/uploads\/2025\/10\/MTB-10-2-300x116.jpg 300w, https:\/\/biketouren-blog.de\/wp-content\/uploads\/2025\/10\/MTB-10-2-768x297.jpg 768w, https:\/\/biketouren-blog.de\/wp-content\/uploads\/2025\/10\/MTB-10-2.jpg 1200w\" sizes=\"auto, (max-width: 1024px) 100vw, 1024px\" \/><\/figure>\n<\/div>\n\n\n<p>Unsere Tour f\u00fchrt uns weiter, wir \u00fcberqueren die Stra\u00dfe 2419 und erreichen die Vogelfreist\u00e4tte Gro\u00dfer und Kleiner Lindleinsee. Dort halten wir Ausschau nach Kranichen und Fischreihern. Leider sind die V\u00f6gel meist zu weit entfernt, um sie mit der kleinen Taschenkamera gut fotografieren zu k\u00f6nnen.<br>Nach dieser entspannenden Beobachtungspause f\u00fchrt uns der Weg unaufgeregt \u00fcber Schweinsdorf, vorbei am Flugplatz und zur\u00fcck zum Wohnmobilstellplatz.<br><br><strong>Hier noch die Daten der Tour:<\/strong><br>Distanz&nbsp;<strong><strong>22,7<\/strong><\/strong>&nbsp;km, Zeit<strong> 01:44<\/strong>, \u00d8 Geschwindigkeit&nbsp;<strong><strong>13,2<\/strong><\/strong>&nbsp;km\/h, Anstieg gesamt&nbsp;270&nbsp;m.<br>Eine Karte und weitere Information gibt es bei Komoot:&nbsp;<a href=\"https:\/\/www.komoot.com\/de-de\/tour\/2627650269?share_token=aiJy6SNQaQpz6loazaAb1TwBCtTkZnfR0AiD0hTOmOiLnI2JG8&amp;ref=wtd\">Link<\/a><br>Komoot beschreibt die Tour als:<br><em>Leichte E-Bike-Tour.&nbsp;F\u00fcr alle Fitnesslevel.&nbsp;\u00dcberwiegend befestigte Wege. Kein besonderes K\u00f6nnen erforderlich.<\/em><\/p>\n\n\n\n<p><\/p>\n","protected":false},"excerpt":{"rendered":"<p>Wir treffen uns am Freitag mit Freunden auf dem Wohnmobilstellplatz in Rothenburg ob der Tauber.Da unsere Freunde von Rothenburg o.d.T bisher nur den mittelalterlichen Kern kannten, habe ich f\u00fcr Samstag eine kleine Tour um das sch\u00f6ne alte St\u00e4dtchen geplant.Am Samstag starten wir gegen 11 Uhr am Stellplatz P2. Wir \u00fcberqueren die N\u00f6rdlinger Stra\u00dfe und tauchen&#8230;<\/p>\n","protected":false},"author":1,"featured_media":307,"parent":0,"menu_order":0,"comment_status":"closed","ping_status":"closed","template":"","meta":{"_kad_post_transparent":"","_kad_post_title":"","_kad_post_layout":"","_kad_post_sidebar_id":"","_kad_post_content_style":"","_kad_post_vertical_padding":"","_kad_post_feature":"","_kad_post_feature_position":"","_kad_post_header":false,"_kad_post_footer":false,"_kad_post_classname":"","footnotes":""},"class_list":["post-305","page","type-page","status-publish","has-post-thumbnail","hentry"],"_links":{"self":[{"href":"https:\/\/biketouren-blog.de\/index.php?rest_route=\/wp\/v2\/pages\/305","targetHints":{"allow":["GET"]}}],"collection":[{"href":"https:\/\/biketouren-blog.de\/index.php?rest_route=\/wp\/v2\/pages"}],"about":[{"href":"https:\/\/biketouren-blog.de\/index.php?rest_route=\/wp\/v2\/types\/page"}],"author":[{"embeddable":true,"href":"https:\/\/biketouren-blog.de\/index.php?rest_route=\/wp\/v2\/users\/1"}],"replies":[{"embeddable":true,"href":"https:\/\/biketouren-blog.de\/index.php?rest_route=%2Fwp%2Fv2%2Fcomments&post=305"}],"version-history":[{"count":6,"href":"https:\/\/biketouren-blog.de\/index.php?rest_route=\/wp\/v2\/pages\/305\/revisions"}],"predecessor-version":[{"id":333,"href":"https:\/\/biketouren-blog.de\/index.php?rest_route=\/wp\/v2\/pages\/305\/revisions\/333"}],"wp:featuredmedia":[{"embeddable":true,"href":"https:\/\/biketouren-blog.de\/index.php?rest_route=\/wp\/v2\/media\/307"}],"wp:attachment":[{"href":"https:\/\/biketouren-blog.de\/index.php?rest_route=%2Fwp%2Fv2%2Fmedia&parent=305"}],"curies":[{"name":"wp","href":"https:\/\/api.w.org\/{rel}","templated":true}]}}